{"id":165,"date":"2019-07-30T07:34:23","date_gmt":"2019-07-30T07:34:23","guid":{"rendered":"http:\/\/www.kick-corruption.org\/?page_id=165"},"modified":"2023-11-12T12:57:17","modified_gmt":"2023-11-12T12:57:17","slug":"deposer-une-plainte","status":"publish","type":"page","link":"https:\/\/www.kick-corruption.org\/?page_id=165","title":{"rendered":"D\u00e9poser une plainte"},"content":{"rendered":"\n<p>D\u00e9poser une plainte:<\/p>\n\n\n\n<p>AC Organization<br>Hotlines:  +254 788 223 885<\/p>\n\n\n\n<h3 class=\"wp-block-heading\"><strong>Etes-vous victime de la Corruption ?<\/strong><\/h3>\n\n\n\n<p>Avez-vous subi un dommage du fait de la corruption\u00a0? Etes-vous las de la corruption au Cameroun\u00a0? Ne voulez-vous plus rester les bras crois\u00e9s face ? de telles pratiques qui vous ont caus\u00e9es personnellement un tort et ?tes-vous d\u00e9termin\u00e9s ? rentrer en possession de ce qui vous a \u00e9t\u00e9 extorqu\u00e9 par les m\u00e9canismes de la corruption\u00a0? Voulez-vous mettre fin ? ce fl\u00e9au qui entra\u00eene la pauvret\u00e9\u00a0; les d\u00e9penses de nos ressources et le sous-emploi\u00a0?<\/p>\n\n\n<div class=\"wp-block-image is-resized\">\n<figure class=\"alignleft\"><img loading=\"lazy\" decoding=\"async\" width=\"632\" height=\"457\" src=\"https:\/\/www.kick-corruption.org\/wp-content\/uploads\/2019\/07\/1.jpg\" alt=\"\" class=\"wp-image-166\" style=\"width:448px;height:auto\" srcset=\"https:\/\/www.kick-corruption.org\/wp-content\/uploads\/2019\/07\/1.jpg 632w, https:\/\/www.kick-corruption.org\/wp-content\/uploads\/2019\/07\/1-300x217.jpg 300w\" sizes=\"auto, (max-width: 632px) 100vw, 632px\" \/><\/figure>\n<\/div>\n\n\n<h3 class=\"wp-block-heading\"><strong>Ce que vous pouvez faire comme Victime<\/strong><\/h3>\n\n\n\n<p>Vous pouvez appeler le num\u00e9ro d&#8217;assistance t\u00e9l\u00e9phonique : +254 788 223 885, ou nous \u00e9crire \u00e0 ofir@kick-corruption.org. Et faites part de vos dol\u00e9ances \u00e0 une \u00e9quipe sp\u00e9cialis\u00e9e, pr\u00eate \u00e0 vous \u00e9couter et \u00e0 vous aider, aussi d\u00e9termin\u00e9e que vous \u00e0 agir contre un mal qui d\u00e9truit notre soci\u00e9t\u00e9 et qui touche des centaines de personnes. Vous pouvez r\u00e9clamer tout ce qui vous a \u00e9t\u00e9 retir\u00e9 par suite de corruption en intentant une action en justice. Vous pouvez poursuivre les auteurs de l\u2019acte de corruption devant les tribunaux et obtenir une indemnisation pour les dommages subis. Vous pouvez obtenir une assistance juridique gratuite.<\/p>\n\n\n\n<h3 class=\"wp-block-heading\"><strong>Corruption et la Loi<\/strong><\/h3>\n\n\n\n<p>Savez-vous que l\u2019article 134 du code p\u00e9nal punis la corruption d\u2019une sanction allant de 5 ? 10 ans d\u2019emprisonnement\u00a0? Savez-vous que la corruption est le fait pour \u00ab\u00a0tout fonctionnaire ou agent public qui, pour lui-m?me ou pour un tiers, sollicite\u00a0; agr\u00e9e ou re\u00e7oit des offres, promesses, dons ou pr\u00e9sents pour faire, s\u2019abstenir de faire ou ajourner un acte de sa fonction \u00bb\u00a0? Savez-vous que la corruption est une cause majeure de la pauvret\u00e9, du sous emploi et de l\u2019ins\u00e9curit\u00e9 au Cameroun\u00a0? Savez- vous qu\u2019\u00e9tant un citoyen int?gre et responsable vous pouvez dire non ? la corruption ou faire recours en justice pour limiter voir \u00e9radiquer cette pand\u00e9mie\u00a0?<\/p>\n\n\n\n<h3 class=\"wp-block-heading\"><strong>Qui sommes-nous\u00a0?<\/strong><\/h3>\n\n\n\n<p>A.C est ONG de lutte contre la corruption\u00a0: qui assiste les victimes de la corruption\u00a0: En offrant une assistance juridique gratuite et\u00a0en subissant les frais de justices. A.C a commenc\u00e9 ? exercer ses activit\u00e9s au Cameroun en mars 2008 et l\u2019antenne du Cameroun est ? Yaound\u00e9. \u00a0<br>Que faisons-nous\u00a0?<\/p>\n\n\n\n<p>A.C appuie les Victimes de la corruption en faisant conduit&nbsp;en justice les auteurs dudit acte. A.C paie les frais de justice&nbsp;; les honoraires des experts juridiques comme les avocats et huissiers qui se portent garant pour assister les Victimes de corruption dans toutes les d\u00e9marches en vue de r\u00e9cup\u00e9rer ce qui leur est d? et ? obtenir les dommages et int\u00e9r?ts en r\u00e9paration des pr\u00e9judices subis A.C veille au cas en justice afin qu\u2019il n\u2019y ait point un geste corruptible dans la proc\u00e9dure judiciaire. A.C offre aux victimes une garantie l\u00e9gale et autre\u2026 contre toutes \u00e9ventuelles de repr\u00e9sailles de la part du mis en cause. Donc n\u2019ayez pas peur&nbsp;! A.C s\u2019assure que la d\u00e9cision de justice est largement diffus\u00e9e ? la Communaut\u00e9 Internationale et aux m\u00e9dias publics et priv\u00e9s<\/p>\n\n\n\n<h3 class=\"wp-block-heading\"><strong>Plus d\u2019information concernant la corruption<\/strong><\/h3>\n\n\n\n<p>La corruption est une tare r\u00e9prim\u00e9e par les textes sacr\u00e9s notamment la Sainte Bible, le Saint Coran et autres. Elle est unanimement d\u00e9nonc\u00e9e au Cameroun par tous les acteurs sociaux. L\u2019ONG, Transparency International classait notre cher pays dans ses rapports de 1998 et de 1999 comme le pays le plus corrompu de la plan?te. Les officiels, les m\u00e9dias publics et priv\u00e9s et les clerg\u00e9s reconnaissent et d\u00e9noncent les faits de corruption qui ne cessent point de freiner, voire d\u2019engouffrer le d\u00e9veloppement socio-\u00e9conomique et politico-culturel de notre pays. Face ? ce d\u00e9sastre, le gouvernement camerounais a pris d\u2019importantes mesures dont les principales sont d\u2019ordres institutionnel et judiciaire. La Loi No.90\/053 du 19 d\u00e9cembre sur la libert\u00e9 d\u2019association donne ? la soci\u00e9t\u00e9 civile ? l\u2019instar de Anti-corruption Organisation le pouvoir d\u2019assister, d\u2019aider l\u2019Etat dans ses fameuses missions de bonne gouvernance. Victimes, ne restez pas les bras crois\u00e9s en attendant le gouvernement ou les activistes \u00e9trangers. Les lois de notre Nation vous donnent le pouvoir de devenir un activiste engag\u00e9 pour vous lib\u00e9rer vous-m?me et le Cameroun, du d\u00e9mon de la corruption.<br>N\u2019ayez pas peur, Dieu et les lois sont ? notre c\u00f4t\u00e9\u00a0! \u00a0\u00a0\u00a0<\/p>\n\n\n\n<p>Contacter\u00a0:<\/p>\n\n\n\n<p>P.B. 5031, Nlongkak -Yaound\u00e9<\/p>\n\n\n\n<p>Tel\u00a0: +254 788 223 885<\/p>\n\n\n\n<p>email: ofir@kick-corruption.org<\/p>\n\n\n\n<p><\/p>\n\n\n\n<p><\/p>\n\n\n\n<p><\/p>\n","protected":false},"excerpt":{"rendered":"<p>D\u00e9poser une plainte: AC OrganizationHotlines: +254 788 223 885 Etes-vous victime de la Corruption ? Avez-vous subi un dommage du fait de la corruption\u00a0? Etes-vous las de la corruption au Cameroun\u00a0? Ne voulez-vous plus rester les bras crois\u00e9s face ? de telles pratiques qui vous ont caus\u00e9es personnellement un tort et ?tes-vous d\u00e9termin\u00e9s ? rentrer &#8230; <a title=\"D\u00e9poser une plainte\" class=\"read-more\" href=\"https:\/\/www.kick-corruption.org\/?page_id=165\" aria-label=\"Read more about D\u00e9poser une plainte\">Read more<\/a><\/p>\n","protected":false},"author":1,"featured_media":0,"parent":0,"menu_order":0,"comment_status":"closed","ping_status":"closed","template":"","meta":{"footnotes":""},"class_list":["post-165","page","type-page","status-publish"],"_links":{"self":[{"href":"https:\/\/www.kick-corruption.org\/index.php?rest_route=\/wp\/v2\/pages\/165","targetHints":{"allow":["GET"]}}],"collection":[{"href":"https:\/\/www.kick-corruption.org\/index.php?rest_route=\/wp\/v2\/pages"}],"about":[{"href":"https:\/\/www.kick-corruption.org\/index.php?rest_route=\/wp\/v2\/types\/page"}],"author":[{"embeddable":true,"href":"https:\/\/www.kick-corruption.org\/index.php?rest_route=\/wp\/v2\/users\/1"}],"replies":[{"embeddable":true,"href":"https:\/\/www.kick-corruption.org\/index.php?rest_route=%2Fwp%2Fv2%2Fcomments&post=165"}],"version-history":[{"count":12,"href":"https:\/\/www.kick-corruption.org\/index.php?rest_route=\/wp\/v2\/pages\/165\/revisions"}],"predecessor-version":[{"id":1257,"href":"https:\/\/www.kick-corruption.org\/index.php?rest_route=\/wp\/v2\/pages\/165\/revisions\/1257"}],"wp:attachment":[{"href":"https:\/\/www.kick-corruption.org\/index.php?rest_route=%2Fwp%2Fv2%2Fmedia&parent=165"}],"curies":[{"name":"wp","href":"https:\/\/api.w.org\/{rel}","templated":true}]}}